{"id":4931,"date":"2026-02-12T14:56:04","date_gmt":"2026-02-12T13:56:04","guid":{"rendered":"https:\/\/www.tirages-pro.com\/blog\/?page_id=4931"},"modified":"2026-02-12T16:54:01","modified_gmt":"2026-02-12T15:54:01","slug":"les-rencontres","status":"publish","type":"page","link":"https:\/\/www.tirages-pro.com\/blog\/les-rencontres\/","title":{"rendered":"Les rencontres"},"content":{"rendered":"<div class=\"is-style-boxed has-light-bg wp-block-themeisle-blocks-posts-grid\" id=\"wp-block-themeisle-blocks-posts-grid-40f0f60e\"><div class=\"is-list\"><div class=\"o-posts-grid-post-blog o-posts-grid-post-plain\"><div class=\"o-posts-grid-post\"><div class=\"o-posts-grid-post-image\"><a href=\"https:\/\/www.tirages-pro.com\/blog\/2017\/09\/derriere-lobjectif-fabien-dal-vecchio\/\"><img loading=\"lazy\" decoding=\"async\" width=\"300\" height=\"169\" src=\"https:\/\/i0.wp.com\/www.tirages-pro.com\/blog\/wp-content\/uploads\/2017\/09\/Derriere-l-objectif-avec-Fabien-Dal-Vecchio-PEAK-1280-x-720.jpg?fit=300%2C169&amp;ssl=1\" class=\"attachment-medium size-medium\" alt=\"Derri\u00e8re l&rsquo;objectif avec Fabien Dal Vecchio\" srcset=\"https:\/\/i0.wp.com\/www.tirages-pro.com\/blog\/wp-content\/uploads\/2017\/09\/Derriere-l-objectif-avec-Fabien-Dal-Vecchio-PEAK-1280-x-720.jpg?w=1280&amp;ssl=1 1280w, https:\/\/i0.wp.com\/www.tirages-pro.com\/blog\/wp-content\/uploads\/2017\/09\/Derriere-l-objectif-avec-Fabien-Dal-Vecchio-PEAK-1280-x-720.jpg?resize=300%2C169&amp;ssl=1 300w, https:\/\/i0.wp.com\/www.tirages-pro.com\/blog\/wp-content\/uploads\/2017\/09\/Derriere-l-objectif-avec-Fabien-Dal-Vecchio-PEAK-1280-x-720.jpg?resize=1024%2C576&amp;ssl=1 1024w\" sizes=\"(max-width: 300px) 100vw, 300px\" \/><\/a><\/div><div class=\"o-posts-grid-post-body\"><span class=\"o-posts-grid-post-category\"><a href=\"https:\/\/www.tirages-pro.com\/blog\/category\/photographes\/derriere-lobjectif\/\">Derri\u00e8re l&#039;objectif<\/a><\/span><h4 class=\"o-posts-grid-post-title\"><a href=\"https:\/\/www.tirages-pro.com\/blog\/2017\/09\/derriere-lobjectif-fabien-dal-vecchio\/\">Derri\u00e8re l&rsquo;objectif avec Fabien Dal Vecchio<\/a><\/h4><\/div><\/div><\/div><div class=\"o-posts-grid-post-blog o-posts-grid-post-plain\"><div class=\"o-posts-grid-post\"><div class=\"o-posts-grid-post-image\"><a href=\"https:\/\/www.tirages-pro.com\/blog\/2016\/06\/derriere-lobjectif-avec-patrice-mestari\/\"><img loading=\"lazy\" decoding=\"async\" width=\"300\" height=\"169\" src=\"https:\/\/i0.wp.com\/www.tirages-pro.com\/blog\/wp-content\/uploads\/2016\/06\/Derriere-lobjectif-avec-Patrice-Mestari-scaled.jpg?fit=300%2C169&amp;ssl=1\" class=\"attachment-medium size-medium\" alt=\"Derri\u00e8re l&rsquo;objectif avec Patrice Mestari\" srcset=\"https:\/\/i0.wp.com\/www.tirages-pro.com\/blog\/wp-content\/uploads\/2016\/06\/Derriere-lobjectif-avec-Patrice-Mestari-scaled.jpg?w=2560&amp;ssl=1 2560w, https:\/\/i0.wp.com\/www.tirages-pro.com\/blog\/wp-content\/uploads\/2016\/06\/Derriere-lobjectif-avec-Patrice-Mestari-scaled.jpg?resize=300%2C169&amp;ssl=1 300w, https:\/\/i0.wp.com\/www.tirages-pro.com\/blog\/wp-content\/uploads\/2016\/06\/Derriere-lobjectif-avec-Patrice-Mestari-scaled.jpg?resize=1024%2C576&amp;ssl=1 1024w, https:\/\/i0.wp.com\/www.tirages-pro.com\/blog\/wp-content\/uploads\/2016\/06\/Derriere-lobjectif-avec-Patrice-Mestari-scaled.jpg?resize=1536%2C864&amp;ssl=1 1536w, https:\/\/i0.wp.com\/www.tirages-pro.com\/blog\/wp-content\/uploads\/2016\/06\/Derriere-lobjectif-avec-Patrice-Mestari-scaled.jpg?resize=2048%2C1152&amp;ssl=1 2048w\" sizes=\"(max-width: 300px) 100vw, 300px\" \/><\/a><\/div><div class=\"o-posts-grid-post-body\"><span class=\"o-posts-grid-post-category\"><a href=\"https:\/\/www.tirages-pro.com\/blog\/category\/photographes\/derriere-lobjectif\/\">Derri\u00e8re l&#039;objectif<\/a><\/span><h4 class=\"o-posts-grid-post-title\"><a href=\"https:\/\/www.tirages-pro.com\/blog\/2016\/06\/derriere-lobjectif-avec-patrice-mestari\/\">Derri\u00e8re l&rsquo;objectif avec Patrice Mestari<\/a><\/h4><\/div><\/div><\/div><div class=\"o-posts-grid-post-blog o-posts-grid-post-plain\"><div class=\"o-posts-grid-post\"><div class=\"o-posts-grid-post-image\"><a href=\"https:\/\/www.tirages-pro.com\/blog\/2016\/04\/derriere-lobjectif-avec-eric-tourneret\/\"><img loading=\"lazy\" decoding=\"async\" width=\"300\" height=\"169\" src=\"https:\/\/i0.wp.com\/www.tirages-pro.com\/blog\/wp-content\/uploads\/2016\/04\/Derriere-l-objectif-avec-Eric-Tourneret-PEAK-1280-x-720.jpg?fit=300%2C169&amp;ssl=1\" class=\"attachment-medium size-medium\" alt=\"Derri\u00e8re l&rsquo;objectif avec \u00c9ric Tourneret\" srcset=\"https:\/\/i0.wp.com\/www.tirages-pro.com\/blog\/wp-content\/uploads\/2016\/04\/Derriere-l-objectif-avec-Eric-Tourneret-PEAK-1280-x-720.jpg?w=1280&amp;ssl=1 1280w, https:\/\/i0.wp.com\/www.tirages-pro.com\/blog\/wp-content\/uploads\/2016\/04\/Derriere-l-objectif-avec-Eric-Tourneret-PEAK-1280-x-720.jpg?resize=300%2C169&amp;ssl=1 300w, https:\/\/i0.wp.com\/www.tirages-pro.com\/blog\/wp-content\/uploads\/2016\/04\/Derriere-l-objectif-avec-Eric-Tourneret-PEAK-1280-x-720.jpg?resize=1024%2C576&amp;ssl=1 1024w\" sizes=\"(max-width: 300px) 100vw, 300px\" \/><\/a><\/div><div class=\"o-posts-grid-post-body\"><span class=\"o-posts-grid-post-category\"><a href=\"https:\/\/www.tirages-pro.com\/blog\/category\/photographes\/derriere-lobjectif\/\">Derri\u00e8re l&#039;objectif<\/a><\/span><h4 class=\"o-posts-grid-post-title\"><a href=\"https:\/\/www.tirages-pro.com\/blog\/2016\/04\/derriere-lobjectif-avec-eric-tourneret\/\">Derri\u00e8re l&rsquo;objectif avec \u00c9ric Tourneret<\/a><\/h4><\/div><\/div><\/div><div class=\"o-posts-grid-post-blog o-posts-grid-post-plain\"><div class=\"o-posts-grid-post\"><div class=\"o-posts-grid-post-image\"><a href=\"https:\/\/www.tirages-pro.com\/blog\/2016\/04\/derriere-lobjectif-avec-remi-garcia\/\"><img loading=\"lazy\" decoding=\"async\" width=\"300\" height=\"169\" src=\"https:\/\/i0.wp.com\/www.tirages-pro.com\/blog\/wp-content\/uploads\/2016\/02\/Derriere-l-objectif-avec-Remi-Garcia-PEAK-1280-x-720.jpg?fit=300%2C169&amp;ssl=1\" class=\"attachment-medium size-medium\" alt=\"Derri\u00e8re l&rsquo;objectif avec R\u00e9mi Garcia\" srcset=\"https:\/\/i0.wp.com\/www.tirages-pro.com\/blog\/wp-content\/uploads\/2016\/02\/Derriere-l-objectif-avec-Remi-Garcia-PEAK-1280-x-720.jpg?w=1280&amp;ssl=1 1280w, https:\/\/i0.wp.com\/www.tirages-pro.com\/blog\/wp-content\/uploads\/2016\/02\/Derriere-l-objectif-avec-Remi-Garcia-PEAK-1280-x-720.jpg?resize=300%2C169&amp;ssl=1 300w, https:\/\/i0.wp.com\/www.tirages-pro.com\/blog\/wp-content\/uploads\/2016\/02\/Derriere-l-objectif-avec-Remi-Garcia-PEAK-1280-x-720.jpg?resize=1024%2C576&amp;ssl=1 1024w\" sizes=\"(max-width: 300px) 100vw, 300px\" \/><\/a><\/div><div class=\"o-posts-grid-post-body\"><span class=\"o-posts-grid-post-category\"><a href=\"https:\/\/www.tirages-pro.com\/blog\/category\/photographes\/derriere-lobjectif\/\">Derri\u00e8re l&#039;objectif<\/a><\/span><h4 class=\"o-posts-grid-post-title\"><a href=\"https:\/\/www.tirages-pro.com\/blog\/2016\/04\/derriere-lobjectif-avec-remi-garcia\/\">Derri\u00e8re l&rsquo;objectif avec R\u00e9mi Garcia<\/a><\/h4><\/div><\/div><\/div><div class=\"o-posts-grid-post-blog o-posts-grid-post-plain\"><div class=\"o-posts-grid-post\"><div class=\"o-posts-grid-post-image\"><a href=\"https:\/\/www.tirages-pro.com\/blog\/2016\/04\/derriere-lobjectif-avec-frank-ryckewaert\/\"><img loading=\"lazy\" decoding=\"async\" width=\"300\" height=\"169\" src=\"https:\/\/i0.wp.com\/www.tirages-pro.com\/blog\/wp-content\/uploads\/2016\/03\/Derriere-l-objectif-avec-Frank-Ryckewaert-PEAK-1280-x-720-e1458929746454.jpg?fit=300%2C169&amp;ssl=1\" class=\"attachment-medium size-medium\" alt=\"Derri\u00e8re l&rsquo;objectif avec Frank Ryckewaert\" srcset=\"https:\/\/i0.wp.com\/www.tirages-pro.com\/blog\/wp-content\/uploads\/2016\/03\/Derriere-l-objectif-avec-Frank-Ryckewaert-PEAK-1280-x-720-e1458929746454.jpg?w=1280&amp;ssl=1 1280w, https:\/\/i0.wp.com\/www.tirages-pro.com\/blog\/wp-content\/uploads\/2016\/03\/Derriere-l-objectif-avec-Frank-Ryckewaert-PEAK-1280-x-720-e1458929746454.jpg?resize=300%2C169&amp;ssl=1 300w, https:\/\/i0.wp.com\/www.tirages-pro.com\/blog\/wp-content\/uploads\/2016\/03\/Derriere-l-objectif-avec-Frank-Ryckewaert-PEAK-1280-x-720-e1458929746454.jpg?resize=1024%2C576&amp;ssl=1 1024w\" sizes=\"(max-width: 300px) 100vw, 300px\" \/><\/a><\/div><div class=\"o-posts-grid-post-body\"><span class=\"o-posts-grid-post-category\"><a href=\"https:\/\/www.tirages-pro.com\/blog\/category\/photographes\/derriere-lobjectif\/\">Derri\u00e8re l&#039;objectif<\/a><\/span><h4 class=\"o-posts-grid-post-title\"><a href=\"https:\/\/www.tirages-pro.com\/blog\/2016\/04\/derriere-lobjectif-avec-frank-ryckewaert\/\">Derri\u00e8re l&rsquo;objectif avec Frank Ryckewaert<\/a><\/h4><\/div><\/div><\/div><div class=\"o-posts-grid-post-blog o-posts-grid-post-plain\"><div class=\"o-posts-grid-post\"><div class=\"o-posts-grid-post-image\"><a href=\"https:\/\/www.tirages-pro.com\/blog\/2016\/03\/derriere-l-objectif-avec-tony-crocetta\/\"><img loading=\"lazy\" decoding=\"async\" width=\"300\" height=\"169\" src=\"https:\/\/i0.wp.com\/www.tirages-pro.com\/blog\/wp-content\/uploads\/2016\/03\/Derriere-l-objectif-avec-Tony-Crocetta-PEAK-1280-x-720.jpg?fit=300%2C169&amp;ssl=1\" class=\"attachment-medium size-medium\" alt=\"Derri\u00e8re l&rsquo;objectif avec Tony Crocetta\" srcset=\"https:\/\/i0.wp.com\/www.tirages-pro.com\/blog\/wp-content\/uploads\/2016\/03\/Derriere-l-objectif-avec-Tony-Crocetta-PEAK-1280-x-720.jpg?w=1280&amp;ssl=1 1280w, https:\/\/i0.wp.com\/www.tirages-pro.com\/blog\/wp-content\/uploads\/2016\/03\/Derriere-l-objectif-avec-Tony-Crocetta-PEAK-1280-x-720.jpg?resize=300%2C169&amp;ssl=1 300w, https:\/\/i0.wp.com\/www.tirages-pro.com\/blog\/wp-content\/uploads\/2016\/03\/Derriere-l-objectif-avec-Tony-Crocetta-PEAK-1280-x-720.jpg?resize=1024%2C576&amp;ssl=1 1024w\" sizes=\"(max-width: 300px) 100vw, 300px\" \/><\/a><\/div><div class=\"o-posts-grid-post-body\"><span class=\"o-posts-grid-post-category\"><a href=\"https:\/\/www.tirages-pro.com\/blog\/category\/photographes\/derriere-lobjectif\/\">Derri\u00e8re l&#039;objectif<\/a><\/span><h4 class=\"o-posts-grid-post-title\"><a href=\"https:\/\/www.tirages-pro.com\/blog\/2016\/03\/derriere-l-objectif-avec-tony-crocetta\/\">Derri\u00e8re l&rsquo;objectif avec Tony Crocetta<\/a><\/h4><\/div><\/div><\/div><div class=\"o-posts-grid-post-blog o-posts-grid-post-plain\"><div class=\"o-posts-grid-post\"><div class=\"o-posts-grid-post-image\"><a href=\"https:\/\/www.tirages-pro.com\/blog\/2016\/03\/derriere-lobjectif-avec-jerome-obiols\/\"><img loading=\"lazy\" decoding=\"async\" width=\"300\" height=\"169\" src=\"https:\/\/i0.wp.com\/www.tirages-pro.com\/blog\/wp-content\/uploads\/2016\/02\/Derriere-l-objectif-avec-Jerome-Obiols-PEAK-1280-x-720.jpg?fit=300%2C169&amp;ssl=1\" class=\"attachment-medium size-medium\" alt=\"Derri\u00e8re l&rsquo;objectif avec J\u00e9r\u00f4me Obiols\" srcset=\"https:\/\/i0.wp.com\/www.tirages-pro.com\/blog\/wp-content\/uploads\/2016\/02\/Derriere-l-objectif-avec-Jerome-Obiols-PEAK-1280-x-720.jpg?w=1280&amp;ssl=1 1280w, https:\/\/i0.wp.com\/www.tirages-pro.com\/blog\/wp-content\/uploads\/2016\/02\/Derriere-l-objectif-avec-Jerome-Obiols-PEAK-1280-x-720.jpg?resize=300%2C169&amp;ssl=1 300w, https:\/\/i0.wp.com\/www.tirages-pro.com\/blog\/wp-content\/uploads\/2016\/02\/Derriere-l-objectif-avec-Jerome-Obiols-PEAK-1280-x-720.jpg?resize=1024%2C576&amp;ssl=1 1024w\" sizes=\"(max-width: 300px) 100vw, 300px\" \/><\/a><\/div><div class=\"o-posts-grid-post-body\"><span class=\"o-posts-grid-post-category\"><a href=\"https:\/\/www.tirages-pro.com\/blog\/category\/photographes\/derriere-lobjectif\/\">Derri\u00e8re l&#039;objectif<\/a><\/span><h4 class=\"o-posts-grid-post-title\"><a href=\"https:\/\/www.tirages-pro.com\/blog\/2016\/03\/derriere-lobjectif-avec-jerome-obiols\/\">Derri\u00e8re l&rsquo;objectif avec J\u00e9r\u00f4me Obiols<\/a><\/h4><\/div><\/div><\/div><div class=\"o-posts-grid-post-blog o-posts-grid-post-plain\"><div class=\"o-posts-grid-post\"><div class=\"o-posts-grid-post-image\"><a href=\"https:\/\/www.tirages-pro.com\/blog\/2016\/02\/derriere-lobjectif-avec-nicolas-orillard-demaire\/\"><img loading=\"lazy\" decoding=\"async\" width=\"300\" height=\"169\" src=\"https:\/\/i0.wp.com\/www.tirages-pro.com\/blog\/wp-content\/uploads\/2016\/02\/Derriere-l-objectif-avec-Nicolas-Orillard-Demaire-PEAK-1280-x-720.jpg?fit=300%2C169&amp;ssl=1\" class=\"attachment-medium size-medium\" alt=\"Derri\u00e8re l&rsquo;objectif avec Nicolas Orillard-Demaire\" srcset=\"https:\/\/i0.wp.com\/www.tirages-pro.com\/blog\/wp-content\/uploads\/2016\/02\/Derriere-l-objectif-avec-Nicolas-Orillard-Demaire-PEAK-1280-x-720.jpg?w=1280&amp;ssl=1 1280w, https:\/\/i0.wp.com\/www.tirages-pro.com\/blog\/wp-content\/uploads\/2016\/02\/Derriere-l-objectif-avec-Nicolas-Orillard-Demaire-PEAK-1280-x-720.jpg?resize=300%2C169&amp;ssl=1 300w, https:\/\/i0.wp.com\/www.tirages-pro.com\/blog\/wp-content\/uploads\/2016\/02\/Derriere-l-objectif-avec-Nicolas-Orillard-Demaire-PEAK-1280-x-720.jpg?resize=1024%2C576&amp;ssl=1 1024w\" sizes=\"(max-width: 300px) 100vw, 300px\" \/><\/a><\/div><div class=\"o-posts-grid-post-body\"><span class=\"o-posts-grid-post-category\"><a href=\"https:\/\/www.tirages-pro.com\/blog\/category\/photographes\/derriere-lobjectif\/\">Derri\u00e8re l&#039;objectif<\/a><\/span><h4 class=\"o-posts-grid-post-title\"><a href=\"https:\/\/www.tirages-pro.com\/blog\/2016\/02\/derriere-lobjectif-avec-nicolas-orillard-demaire\/\">Derri\u00e8re l&rsquo;objectif avec Nicolas Orillard-Demaire<\/a><\/h4><\/div><\/div><\/div><div class=\"o-posts-grid-post-blog o-posts-grid-post-plain\"><div class=\"o-posts-grid-post\"><div class=\"o-posts-grid-post-image\"><a href=\"https:\/\/www.tirages-pro.com\/blog\/2014\/04\/interview-laurent-baheux-photographe\/\"><img loading=\"lazy\" decoding=\"async\" width=\"300\" height=\"169\" src=\"https:\/\/i0.wp.com\/www.tirages-pro.com\/blog\/wp-content\/uploads\/2014\/04\/Interview-Laurent-Baheux-Photographe-Nature-PEAK-1280-x-720-e1460041218904.jpg?fit=300%2C169&amp;ssl=1\" class=\"attachment-medium size-medium\" alt=\"Laurent Baheux, photographe nature\" srcset=\"https:\/\/i0.wp.com\/www.tirages-pro.com\/blog\/wp-content\/uploads\/2014\/04\/Interview-Laurent-Baheux-Photographe-Nature-PEAK-1280-x-720-e1460041218904.jpg?w=1280&amp;ssl=1 1280w, https:\/\/i0.wp.com\/www.tirages-pro.com\/blog\/wp-content\/uploads\/2014\/04\/Interview-Laurent-Baheux-Photographe-Nature-PEAK-1280-x-720-e1460041218904.jpg?resize=300%2C169&amp;ssl=1 300w, https:\/\/i0.wp.com\/www.tirages-pro.com\/blog\/wp-content\/uploads\/2014\/04\/Interview-Laurent-Baheux-Photographe-Nature-PEAK-1280-x-720-e1460041218904.jpg?resize=1024%2C576&amp;ssl=1 1024w\" sizes=\"(max-width: 300px) 100vw, 300px\" \/><\/a><\/div><div class=\"o-posts-grid-post-body\"><span class=\"o-posts-grid-post-category\"><a href=\"https:\/\/www.tirages-pro.com\/blog\/category\/photographes\/rencontres\/\">Rencontres<\/a><\/span><h4 class=\"o-posts-grid-post-title\"><a href=\"https:\/\/www.tirages-pro.com\/blog\/2014\/04\/interview-laurent-baheux-photographe\/\">Laurent Baheux, photographe nature<\/a><\/h4><\/div><\/div><\/div><div class=\"o-posts-grid-post-blog o-posts-grid-post-plain\"><div class=\"o-posts-grid-post\"><div class=\"o-posts-grid-post-image\"><a href=\"https:\/\/www.tirages-pro.com\/blog\/2013\/08\/patrice-mestari-histoires-dambiances-rencontre\/\"><img loading=\"lazy\" decoding=\"async\" width=\"300\" height=\"150\" src=\"https:\/\/i0.wp.com\/www.tirages-pro.com\/blog\/wp-content\/uploads\/2014\/08\/PatriceMestari-HEADER.jpg?fit=300%2C150&amp;ssl=1\" class=\"attachment-medium size-medium\" alt=\"Patrice Mestari, histoires d\u2019ambiances\" srcset=\"https:\/\/i0.wp.com\/www.tirages-pro.com\/blog\/wp-content\/uploads\/2014\/08\/PatriceMestari-HEADER.jpg?w=640&amp;ssl=1 640w, https:\/\/i0.wp.com\/www.tirages-pro.com\/blog\/wp-content\/uploads\/2014\/08\/PatriceMestari-HEADER.jpg?resize=300%2C150&amp;ssl=1 300w\" sizes=\"(max-width: 300px) 100vw, 300px\" \/><\/a><\/div><div class=\"o-posts-grid-post-body\"><span class=\"o-posts-grid-post-category\"><a href=\"https:\/\/www.tirages-pro.com\/blog\/category\/photographes\/rencontres\/\">Rencontres<\/a><\/span><h4 class=\"o-posts-grid-post-title\"><a href=\"https:\/\/www.tirages-pro.com\/blog\/2013\/08\/patrice-mestari-histoires-dambiances-rencontre\/\">Patrice Mestari, histoires d\u2019ambiances<\/a><\/h4><\/div><\/div><\/div><div class=\"o-posts-grid-post-blog o-posts-grid-post-plain\"><div class=\"o-posts-grid-post\"><div class=\"o-posts-grid-post-image\"><a href=\"https:\/\/www.tirages-pro.com\/blog\/2012\/10\/claire-beilvert-dans-les-pas-des-exiles-rencontre\/\"><img loading=\"lazy\" decoding=\"async\" width=\"300\" height=\"169\" src=\"https:\/\/i0.wp.com\/www.tirages-pro.com\/blog\/wp-content\/uploads\/2012\/10\/Interview-Claire-Beilvert-Dans-les-pas-des-exiles-PEAK-1280-x-720.jpg?fit=300%2C169&amp;ssl=1\" class=\"attachment-medium size-medium\" alt=\"Claire Beilvert, dans les pas des exil\u00e9s\" srcset=\"https:\/\/i0.wp.com\/www.tirages-pro.com\/blog\/wp-content\/uploads\/2012\/10\/Interview-Claire-Beilvert-Dans-les-pas-des-exiles-PEAK-1280-x-720.jpg?w=1280&amp;ssl=1 1280w, https:\/\/i0.wp.com\/www.tirages-pro.com\/blog\/wp-content\/uploads\/2012\/10\/Interview-Claire-Beilvert-Dans-les-pas-des-exiles-PEAK-1280-x-720.jpg?resize=300%2C169&amp;ssl=1 300w, https:\/\/i0.wp.com\/www.tirages-pro.com\/blog\/wp-content\/uploads\/2012\/10\/Interview-Claire-Beilvert-Dans-les-pas-des-exiles-PEAK-1280-x-720.jpg?resize=1024%2C576&amp;ssl=1 1024w\" sizes=\"(max-width: 300px) 100vw, 300px\" \/><\/a><\/div><div class=\"o-posts-grid-post-body\"><span class=\"o-posts-grid-post-category\"><a href=\"https:\/\/www.tirages-pro.com\/blog\/category\/photographes\/rencontres\/\">Rencontres<\/a><\/span><h4 class=\"o-posts-grid-post-title\"><a href=\"https:\/\/www.tirages-pro.com\/blog\/2012\/10\/claire-beilvert-dans-les-pas-des-exiles-rencontre\/\">Claire Beilvert, dans les pas des exil\u00e9s<\/a><\/h4><\/div><\/div><\/div><div class=\"o-posts-grid-post-blog o-posts-grid-post-plain\"><div class=\"o-posts-grid-post\"><div class=\"o-posts-grid-post-image\"><a href=\"https:\/\/www.tirages-pro.com\/blog\/2012\/09\/karine-malatier-une-etoile-en-noir-et-blanc-rencontre\/\"><img loading=\"lazy\" decoding=\"async\" width=\"300\" height=\"150\" src=\"https:\/\/i0.wp.com\/www.tirages-pro.com\/blog\/wp-content\/uploads\/2012\/09\/DSC_3927-Version-2_header.jpg?fit=300%2C150&amp;ssl=1\" class=\"attachment-medium size-medium\" alt=\"Karine Malatier, une \u00e9toile en noir et blanc\" srcset=\"https:\/\/i0.wp.com\/www.tirages-pro.com\/blog\/wp-content\/uploads\/2012\/09\/DSC_3927-Version-2_header.jpg?w=640&amp;ssl=1 640w, https:\/\/i0.wp.com\/www.tirages-pro.com\/blog\/wp-content\/uploads\/2012\/09\/DSC_3927-Version-2_header.jpg?resize=300%2C150&amp;ssl=1 300w\" sizes=\"(max-width: 300px) 100vw, 300px\" \/><\/a><\/div><div class=\"o-posts-grid-post-body\"><span class=\"o-posts-grid-post-category\"><a href=\"https:\/\/www.tirages-pro.com\/blog\/category\/photographes\/rencontres\/\">Rencontres<\/a><\/span><h4 class=\"o-posts-grid-post-title\"><a href=\"https:\/\/www.tirages-pro.com\/blog\/2012\/09\/karine-malatier-une-etoile-en-noir-et-blanc-rencontre\/\">Karine Malatier, une \u00e9toile en noir et blanc<\/a><\/h4><\/div><\/div><\/div><div class=\"o-posts-grid-post-blog o-posts-grid-post-plain\"><div class=\"o-posts-grid-post\"><div class=\"o-posts-grid-post-image\"><a href=\"https:\/\/www.tirages-pro.com\/blog\/2012\/08\/rencontre-avec-nicolas-bohere\/\"><img loading=\"lazy\" decoding=\"async\" width=\"300\" height=\"150\" src=\"https:\/\/i0.wp.com\/www.tirages-pro.com\/blog\/wp-content\/uploads\/2012\/08\/Moucherotte-Header.jpg?fit=300%2C150&amp;ssl=1\" class=\"attachment-medium size-medium\" alt=\"Nicolas Bohere, depuis le sommet\" srcset=\"https:\/\/i0.wp.com\/www.tirages-pro.com\/blog\/wp-content\/uploads\/2012\/08\/Moucherotte-Header.jpg?w=900&amp;ssl=1 900w, https:\/\/i0.wp.com\/www.tirages-pro.com\/blog\/wp-content\/uploads\/2012\/08\/Moucherotte-Header.jpg?resize=300%2C150&amp;ssl=1 300w\" sizes=\"(max-width: 300px) 100vw, 300px\" \/><\/a><\/div><div class=\"o-posts-grid-post-body\"><span class=\"o-posts-grid-post-category\"><a href=\"https:\/\/www.tirages-pro.com\/blog\/category\/photographes\/rencontres\/\">Rencontres<\/a><\/span><h4 class=\"o-posts-grid-post-title\"><a href=\"https:\/\/www.tirages-pro.com\/blog\/2012\/08\/rencontre-avec-nicolas-bohere\/\">Nicolas Bohere, depuis le sommet<\/a><\/h4><\/div><\/div><\/div><div class=\"o-posts-grid-post-blog o-posts-grid-post-plain\"><div class=\"o-posts-grid-post\"><div class=\"o-posts-grid-post-image\"><a href=\"https:\/\/www.tirages-pro.com\/blog\/2012\/07\/rencontre-avec-francois-lepage\/\"><img loading=\"lazy\" decoding=\"async\" width=\"300\" height=\"169\" src=\"https:\/\/i0.wp.com\/www.tirages-pro.com\/blog\/wp-content\/uploads\/2012\/07\/Interview-Francois-Lepage-Le-reportage-du-sud-au-nord-PEAK-1280-x-720.jpg?fit=300%2C169&amp;ssl=1\" class=\"attachment-medium size-medium\" alt=\"Fran\u00e7ois Lepage, le reportage du sud au nord\" srcset=\"https:\/\/i0.wp.com\/www.tirages-pro.com\/blog\/wp-content\/uploads\/2012\/07\/Interview-Francois-Lepage-Le-reportage-du-sud-au-nord-PEAK-1280-x-720.jpg?w=1280&amp;ssl=1 1280w, https:\/\/i0.wp.com\/www.tirages-pro.com\/blog\/wp-content\/uploads\/2012\/07\/Interview-Francois-Lepage-Le-reportage-du-sud-au-nord-PEAK-1280-x-720.jpg?resize=300%2C169&amp;ssl=1 300w, https:\/\/i0.wp.com\/www.tirages-pro.com\/blog\/wp-content\/uploads\/2012\/07\/Interview-Francois-Lepage-Le-reportage-du-sud-au-nord-PEAK-1280-x-720.jpg?resize=1024%2C576&amp;ssl=1 1024w\" sizes=\"(max-width: 300px) 100vw, 300px\" \/><\/a><\/div><div class=\"o-posts-grid-post-body\"><span class=\"o-posts-grid-post-category\"><a href=\"https:\/\/www.tirages-pro.com\/blog\/category\/photographes\/rencontres\/\">Rencontres<\/a><\/span><h4 class=\"o-posts-grid-post-title\"><a href=\"https:\/\/www.tirages-pro.com\/blog\/2012\/07\/rencontre-avec-francois-lepage\/\">Fran\u00e7ois Lepage, le reportage du sud au nord<\/a><\/h4><\/div><\/div><\/div><div class=\"o-posts-grid-post-blog o-posts-grid-post-plain\"><div class=\"o-posts-grid-post\"><div class=\"o-posts-grid-post-image\"><a href=\"https:\/\/www.tirages-pro.com\/blog\/2011\/08\/rencontre-avec-in-fravez\/\"><img loading=\"lazy\" decoding=\"async\" width=\"225\" height=\"300\" src=\"https:\/\/i0.wp.com\/www.tirages-pro.com\/blog\/wp-content\/uploads\/2011\/08\/Photo-DeboutContreLeSol-MikaelBrodioi.jpg?fit=225%2C300&amp;ssl=1\" class=\"attachment-medium size-medium\" alt=\"iN Fravez, la photo graphique\" srcset=\"https:\/\/i0.wp.com\/www.tirages-pro.com\/blog\/wp-content\/uploads\/2011\/08\/Photo-DeboutContreLeSol-MikaelBrodioi.jpg?w=660&amp;ssl=1 660w, https:\/\/i0.wp.com\/www.tirages-pro.com\/blog\/wp-content\/uploads\/2011\/08\/Photo-DeboutContreLeSol-MikaelBrodioi.jpg?resize=225%2C300&amp;ssl=1 225w, https:\/\/i0.wp.com\/www.tirages-pro.com\/blog\/wp-content\/uploads\/2011\/08\/Photo-DeboutContreLeSol-MikaelBrodioi.jpg?resize=510%2C680&amp;ssl=1 510w\" sizes=\"(max-width: 225px) 100vw, 225px\" \/><\/a><\/div><div class=\"o-posts-grid-post-body\"><span class=\"o-posts-grid-post-category\"><a href=\"https:\/\/www.tirages-pro.com\/blog\/category\/photographes\/rencontres\/\">Rencontres<\/a><\/span><h4 class=\"o-posts-grid-post-title\"><a href=\"https:\/\/www.tirages-pro.com\/blog\/2011\/08\/rencontre-avec-in-fravez\/\">iN Fravez, la photo graphique<\/a><\/h4><\/div><\/div><\/div><div class=\"o-posts-grid-post-blog o-posts-grid-post-plain\"><div class=\"o-posts-grid-post\"><div class=\"o-posts-grid-post-image\"><a href=\"https:\/\/www.tirages-pro.com\/blog\/2011\/06\/rencontre-avec-gerard-brack-laureat-du-prix-du-jury-ilford-2011\/\"><img loading=\"lazy\" decoding=\"async\" width=\"300\" height=\"300\" src=\"https:\/\/i0.wp.com\/www.tirages-pro.com\/blog\/wp-content\/uploads\/2011\/06\/PhotoGerardBrack.jpg?fit=300%2C300&amp;ssl=1\" class=\"attachment-medium size-medium\" alt=\"G\u00e9rard Brack, laur\u00e9at du Prix du Jury Ilford 2011\" srcset=\"https:\/\/i0.wp.com\/www.tirages-pro.com\/blog\/wp-content\/uploads\/2011\/06\/PhotoGerardBrack.jpg?w=660&amp;ssl=1 660w, https:\/\/i0.wp.com\/www.tirages-pro.com\/blog\/wp-content\/uploads\/2011\/06\/PhotoGerardBrack.jpg?resize=150%2C150&amp;ssl=1 150w, https:\/\/i0.wp.com\/www.tirages-pro.com\/blog\/wp-content\/uploads\/2011\/06\/PhotoGerardBrack.jpg?resize=300%2C300&amp;ssl=1 300w\" sizes=\"(max-width: 300px) 100vw, 300px\" \/><\/a><\/div><div class=\"o-posts-grid-post-body\"><span class=\"o-posts-grid-post-category\"><a href=\"https:\/\/www.tirages-pro.com\/blog\/category\/photographes\/rencontres\/\">Rencontres<\/a><\/span><h4 class=\"o-posts-grid-post-title\"><a href=\"https:\/\/www.tirages-pro.com\/blog\/2011\/06\/rencontre-avec-gerard-brack-laureat-du-prix-du-jury-ilford-2011\/\">G\u00e9rard Brack, laur\u00e9at du Prix du Jury Ilford 2011<\/a><\/h4><\/div><\/div><\/div><\/div> <div class=\"o-posts-grid-pag\"><\/div><\/div>","protected":false},"excerpt":{"rendered":"","protected":false},"author":1,"featured_media":0,"parent":0,"menu_order":0,"comment_status":"closed","ping_status":"closed","template":"","meta":{"_seopress_robots_primary_cat":"","_seopress_titles_title":"","_seopress_titles_desc":"","_seopress_robots_index":"","inline_featured_image":false,"_themeisle_gutenberg_block_has_review":false,"footnotes":""},"class_list":["post-4931","page","type-page","status-publish","hentry"],"_links":{"self":[{"href":"https:\/\/www.tirages-pro.com\/blog\/wp-json\/wp\/v2\/pages\/4931","targetHints":{"allow":["GET"]}}],"collection":[{"href":"https:\/\/www.tirages-pro.com\/blog\/wp-json\/wp\/v2\/pages"}],"about":[{"href":"https:\/\/www.tirages-pro.com\/blog\/wp-json\/wp\/v2\/types\/page"}],"author":[{"embeddable":true,"href":"https:\/\/www.tirages-pro.com\/blog\/wp-json\/wp\/v2\/users\/1"}],"replies":[{"embeddable":true,"href":"https:\/\/www.tirages-pro.com\/blog\/wp-json\/wp\/v2\/comments?post=4931"}],"version-history":[{"count":2,"href":"https:\/\/www.tirages-pro.com\/blog\/wp-json\/wp\/v2\/pages\/4931\/revisions"}],"predecessor-version":[{"id":4956,"href":"https:\/\/www.tirages-pro.com\/blog\/wp-json\/wp\/v2\/pages\/4931\/revisions\/4956"}],"wp:attachment":[{"href":"https:\/\/www.tirages-pro.com\/blog\/wp-json\/wp\/v2\/media?parent=4931"}],"curies":[{"name":"wp","href":"https:\/\/api.w.org\/{rel}","templated":true}]}}